{"id":1214,"date":"2025-12-22T22:26:38","date_gmt":"2025-12-22T21:26:38","guid":{"rendered":"https:\/\/www.geburtsinstinkt.at\/geburtsvorbereitung\/impressum\/"},"modified":"2025-12-28T16:10:31","modified_gmt":"2025-12-28T15:10:31","slug":"impressum","status":"publish","type":"page","link":"https:\/\/www.geburtsinstinkt.at\/geburtsvorbereitung\/impressum\/","title":{"rendered":"Impressum"},"content":{"rendered":"\t\t<div data-elementor-type=\"wp-page\" data-elementor-id=\"1214\" class=\"elementor elementor-1214\" data-elementor-post-type=\"page\">\n\t\t\t\t<div class=\"elementor-element elementor-element-a39fa22 e-flex e-con-boxed e-con e-parent\" data-id=\"a39fa22\" data-element_type=\"container\" data-e-type=\"container\">\n\t\t\t\t\t<div class=\"e-con-inner\">\n\t\t<div class=\"elementor-element elementor-element-34956d5 e-con-full e-flex e-con e-child\" data-id=\"34956d5\" data-element_type=\"container\" data-e-type=\"container\">\n\t\t\t\t<div class=\"elementor-element elementor-element-983512b elementor-widget elementor-widget-heading\" data-id=\"983512b\" data-element_type=\"widget\" data-e-type=\"widget\" data-widget_type=\"heading.default\">\n\t\t\t\t\t<h2 class=\"elementor-heading-title elementor-size-default\">Impressum<\/h2>\t\t\t\t<\/div>\n\t\t\t\t<div class=\"elementor-element elementor-element-2f660f0 elementor-widget elementor-widget-text-editor\" data-id=\"2f660f0\" data-element_type=\"widget\" data-e-type=\"widget\" data-widget_type=\"text-editor.default\">\n\t\t\t\t\t\t\t\t\t<p data-start=\"118\" data-end=\"175\"><strong data-start=\"118\" data-end=\"151\">Geburtsinstinkt \u2013 Tamara Wei\u00df<\/strong><br data-start=\"151\" data-end=\"154\" \/>Neue Selbstst\u00e4ndige<\/p><p data-start=\"177\" data-end=\"201\">Adresse:<br data-start=\"185\" data-end=\"188\" \/>Thomas-Koschat-Stra\u00dfe- 17, 9161 Maria Rain<\/p><p data-start=\"203\" data-end=\"213\">\u00d6sterreich<\/p><p data-start=\"215\" data-end=\"250\">E-Mail:<br data-start=\"222\" data-end=\"225\" \/><a class=\"decorated-link cursor-pointer\" rel=\"noopener\" data-start=\"225\" data-end=\"248\">info@geburtsinstinkt.at<\/a><\/p><hr data-start=\"252\" data-end=\"255\" \/><h2 data-start=\"257\" data-end=\"282\">Unternehmensgegenstand<\/h2><p data-start=\"283\" data-end=\"411\">Wissensvermittlung, Onlinekurse, digitale Produkte und Pr\u00e4senzkurse im Bereich Schwangerschaft, Geburt und mentale Vorbereitung.<\/p><hr data-start=\"413\" data-end=\"416\" \/><h2 data-start=\"418\" data-end=\"439\">Haftungsausschluss<\/h2><p data-start=\"440\" data-end=\"540\">Die Inhalte dieser Website dienen ausschlie\u00dflich der Information und pers\u00f6nlichen Weiterentwicklung.<\/p><p data-start=\"542\" data-end=\"698\">Sie ersetzen <strong data-start=\"555\" data-end=\"624\">keine medizinische, therapeutische oder psychologische Behandlung<\/strong>, stellen <strong data-start=\"634\" data-end=\"653\">keine Diagnosen<\/strong> dar und enthalten <strong data-start=\"672\" data-end=\"697\">keine Heilversprechen<\/strong>.<\/p><p data-start=\"700\" data-end=\"763\">Die Nutzung aller Inhalte erfolgt auf <strong data-start=\"738\" data-end=\"762\">eigene Verantwortung<\/strong>.<\/p><hr data-start=\"765\" data-end=\"768\" \/><h2 data-start=\"770\" data-end=\"785\">Urheberrecht<\/h2><p data-start=\"786\" data-end=\"887\">Alle Inhalte dieser Website (Texte, Audios, Videos, Konzepte, Grafiken) unterliegen dem Urheberrecht.<\/p><p data-start=\"889\" data-end=\"1090\">Jegliche Verwendung, Vervielf\u00e4ltigung, Weitergabe oder Ver\u00f6ffentlichung \u2013 auch auszugsweise \u2013 ist ohne ausdr\u00fcckliche schriftliche Zustimmung untersagt und kann rechtliche Konsequenzen nach sich ziehen.<\/p><hr data-start=\"1092\" data-end=\"1095\" \/><h2 data-start=\"1097\" data-end=\"1117\">Haftung f\u00fcr Links<\/h2><p data-start=\"1118\" data-end=\"1269\">Diese Website kann Links zu externen Websites Dritter enthalten.<br data-start=\"1182\" data-end=\"1185\" \/>F\u00fcr deren Inhalte wird keine Haftung \u00fcbernommen, da auf diese kein Einfluss besteht.<\/p><hr data-start=\"1271\" data-end=\"1274\" \/><h2 data-start=\"1276\" data-end=\"1306\">Online-Streitbeilegung (EU)<\/h2><p data-start=\"1307\" data-end=\"1499\">Verbraucherinnen haben die M\u00f6glichkeit, Beschwerden an die Online-Streitbeilegungsplattform der EU zu richten.<br data-start=\"1417\" data-end=\"1420\" \/>Diese ist unter folgendem Link erreichbar:<br data-start=\"1462\" data-end=\"1465\" \/><a class=\"decorated-link cursor-pointer\" target=\"_new\" rel=\"noopener\" data-start=\"1465\" data-end=\"1499\">https:\/\/ec.europa.eu\/consumers\/odr<\/a><\/p><hr data-start=\"1501\" data-end=\"1504\" \/><h2 data-start=\"1506\" data-end=\"1526\">Anwendbares Recht<\/h2><p data-start=\"1527\" data-end=\"1558\">Es gilt \u00f6sterreichisches Recht.<\/p>\t\t\t\t\t\t\t\t<\/div>\n\t\t\t\t<\/div>\n\t\t\t\t\t<\/div>\n\t\t\t\t<\/div>\n\t\t\t\t<\/div>\n\t\t","protected":false},"excerpt":{"rendered":"<p>Impressum Geburtsinstinkt \u2013 Tamara Wei\u00dfNeue Selbstst\u00e4ndige Adresse:Thomas-Koschat-Stra\u00dfe- 17, 9161 Maria Rain \u00d6sterreich E-Mail:info@geburtsinstinkt.at Unternehmensgegenstand Wissensvermittlung, Onlinekurse, digitale Produkte und Pr\u00e4senzkurse im Bereich Schwangerschaft, Geburt und mentale Vorbereitung. Haftungsausschluss Die Inhalte dieser Website dienen ausschlie\u00dflich der Information und pers\u00f6nlichen Weiterentwicklung. Sie ersetzen keine medizinische, therapeutische oder psychologische Behandlung, stellen keine Diagnosen dar und enthalten keine Heilversprechen. [&hellip;]<\/p>\n","protected":false},"author":1,"featured_media":0,"parent":0,"menu_order":0,"comment_status":"closed","ping_status":"closed","template":"","meta":{"site-sidebar-layout":"default","site-content-layout":"","ast-site-content-layout":"default","site-content-style":"default","site-sidebar-style":"default","ast-global-header-display":"","ast-banner-title-visibility":"","ast-main-header-display":"","ast-hfb-above-header-display":"","ast-hfb-below-header-display":"","ast-hfb-mobile-header-display":"","site-post-title":"","ast-breadcrumbs-content":"","ast-featured-img":"","footer-sml-layout":"","ast-disable-related-posts":"","theme-transparent-header-meta":"","adv-header-id-meta":"","stick-header-meta":"","header-above-stick-meta":"","header-main-stick-meta":"","header-below-stick-meta":"","astra-migrate-meta-layouts":"default","ast-page-background-enabled":"default","ast-page-background-meta":{"desktop":{"background-color":"","background-image":"","background-repeat":"repeat","background-position":"center center","background-size":"auto","background-attachment":"scroll","background-type":"","background-media":"","overlay-type":"","overlay-color":"","overlay-opacity":"","overlay-gradient":""},"tablet":{"background-color":"","background-image":"","background-repeat":"repeat","background-position":"center center","background-size":"auto","background-attachment":"scroll","background-type":"","background-media":"","overlay-type":"","overlay-color":"","overlay-opacity":"","overlay-gradient":""},"mobile":{"background-color":"","background-image":"","background-repeat":"repeat","background-position":"center center","background-size":"auto","background-attachment":"scroll","background-type":"","background-media":"","overlay-type":"","overlay-color":"","overlay-opacity":"","overlay-gradient":""}},"ast-content-background-meta":{"desktop":{"background-color":"var(--ast-global-color-5)","background-image":"","background-repeat":"repeat","background-position":"center center","background-size":"auto","background-attachment":"scroll","background-type":"","background-media":"","overlay-type":"","overlay-color":"","overlay-opacity":"","overlay-gradient":""},"tablet":{"background-color":"var(--ast-global-color-5)","background-image":"","background-repeat":"repeat","background-position":"center center","background-size":"auto","background-attachment":"scroll","background-type":"","background-media":"","overlay-type":"","overlay-color":"","overlay-opacity":"","overlay-gradient":""},"mobile":{"background-color":"var(--ast-global-color-5)","background-image":"","background-repeat":"repeat","background-position":"center center","background-size":"auto","background-attachment":"scroll","background-type":"","background-media":"","overlay-type":"","overlay-color":"","overlay-opacity":"","overlay-gradient":""}},"footnotes":""},"class_list":["post-1214","page","type-page","status-publish","hentry"],"_links":{"self":[{"href":"https:\/\/www.geburtsinstinkt.at\/geburtsvorbereitung\/wp-json\/wp\/v2\/pages\/1214","targetHints":{"allow":["GET"]}}],"collection":[{"href":"https:\/\/www.geburtsinstinkt.at\/geburtsvorbereitung\/wp-json\/wp\/v2\/pages"}],"about":[{"href":"https:\/\/www.geburtsinstinkt.at\/geburtsvorbereitung\/wp-json\/wp\/v2\/types\/page"}],"author":[{"embeddable":true,"href":"https:\/\/www.geburtsinstinkt.at\/geburtsvorbereitung\/wp-json\/wp\/v2\/users\/1"}],"replies":[{"embeddable":true,"href":"https:\/\/www.geburtsinstinkt.at\/geburtsvorbereitung\/wp-json\/wp\/v2\/comments?post=1214"}],"version-history":[{"count":4,"href":"https:\/\/www.geburtsinstinkt.at\/geburtsvorbereitung\/wp-json\/wp\/v2\/pages\/1214\/revisions"}],"predecessor-version":[{"id":1453,"href":"https:\/\/www.geburtsinstinkt.at\/geburtsvorbereitung\/wp-json\/wp\/v2\/pages\/1214\/revisions\/1453"}],"wp:attachment":[{"href":"https:\/\/www.geburtsinstinkt.at\/geburtsvorbereitung\/wp-json\/wp\/v2\/media?parent=1214"}],"curies":[{"name":"wp","href":"https:\/\/api.w.org\/{rel}","templated":true}]}}