{"id":1438,"date":"2025-12-28T15:37:56","date_gmt":"2025-12-28T14:37:56","guid":{"rendered":"https:\/\/www.geburtsinstinkt.at\/geburtsvorbereitung\/?page_id=1438"},"modified":"2025-12-28T17:35:35","modified_gmt":"2025-12-28T16:35:35","slug":"datenschutz","status":"publish","type":"page","link":"https:\/\/www.geburtsinstinkt.at\/geburtsvorbereitung\/datenschutz\/","title":{"rendered":"Datenschutz"},"content":{"rendered":"\t\t<div data-elementor-type=\"wp-page\" data-elementor-id=\"1438\" class=\"elementor elementor-1438\" data-elementor-post-type=\"page\">\n\t\t\t\t<div class=\"elementor-element elementor-element-56b68dc e-flex e-con-boxed e-con e-parent\" data-id=\"56b68dc\" data-element_type=\"container\" data-e-type=\"container\">\n\t\t\t\t\t<div class=\"e-con-inner\">\n\t\t\t\t<div class=\"elementor-element elementor-element-366a604 elementor-widget elementor-widget-heading\" data-id=\"366a604\" data-element_type=\"widget\" data-e-type=\"widget\" data-widget_type=\"heading.default\">\n\t\t\t\t\t<h2 class=\"elementor-heading-title elementor-size-default\">Datenschutzerkl\u00e4rung<\/h2>\t\t\t\t<\/div>\n\t\t\t\t<div class=\"elementor-element elementor-element-36b7c9e elementor-widget elementor-widget-text-editor\" data-id=\"36b7c9e\" data-element_type=\"widget\" data-e-type=\"widget\" data-widget_type=\"text-editor.default\">\n\t\t\t\t\t\t\t\t\t<p>In folgender Datenschutzerkl\u00e4rung informieren wir Sie \u00fcber die wichtigsten Aspekte der Datenverarbeitung im Rahmen unserer Webseite. Wir erheben und verarbeiten personenbezogene Daten nur auf Grundlage der gesetzlichen Bestimmungen (Datenschutzgrundverordnung, Telekommunikationsgesetz 2003).\u00a0<\/p><p>Sobald Sie als Benutzer auf unsere Webseite zugreifen oder diese besuchen wird Ihre IP-Adresse, Beginn sowie Beginn und Ende der Sitzung erfasst. Dies ist technisch bedingt und stellt somit ein berechtigtes Interesse iSv Art 6 Abs 1 lit f DSGVO.\u00a0<\/p><h5>Kontakt mit uns<\/h5><p>Wenn Sie uns, entweder \u00fcber unser Kontaktformular auf unserer Webseite, oder per Email kontaktieren, dann werden die von Ihnen an uns \u00fcbermittelten Daten zwecks Bearbeitung Ihrer Anfrage oder f\u00fcr den Fall von weiteren Anschlussfragen f\u00fcr sechs Monate bei uns gespeichert. Es erfolgt, ohne Ihre Einwilligung, keine Weitergabe Ihrer \u00fcbermittelten Daten.<\/p><h5>Datenspeicherung\u00a0<\/h5><p>Im Rahmen der Erleichterung des Einkaufsvorganges und zur sp\u00e4teren Vertragsabwicklung werden vom Webshop-Betreiber im Rahmen von Cookies die IP-Adresse des Anschlussinhabers gespeichert, ebenso wie Name, Adresse, Email, Telefonnummer, .\u00a0<\/p><p>F\u00fcr die Vertragsabwicklung werden auch folgende Daten bei uns gespeichert:<br \/>Name, Adresse, Email, Telefonnummer, .\u00a0<\/p><p>Die von Ihnen bereitgestellten Daten sind f\u00fcr die Vertragserf\u00fcllung und zur Durchf\u00fchrung vorvertraglicher Ma\u00dfnahmen erforderlich. Ein Vertragsabschluss ohne dieser Daten ist nicht m\u00f6glich. Eine \u00dcbermittlung der erhobenen Daten an Dritte erfolgt nicht, mit Ausnahme der \u00dcbermittlung von Zahlungsdaten (Kreditkartendaten) an die abwickelnden Bankinstitute\/Zahlungsdienstleister zum Zwecke der Abbuchung des Einkaufspreises, an das von uns Beauftragte Versandunternehmen (Transportunternehmen), welches mit der Zustellung der Ware beauftragt ist und unseren Steuerberater zur Erf\u00fcllung unserer steuerrechtlichen Verpflichtungen.\u00a0<\/p><p>Sollten Sie den Einkaufsvorgang abbrechen, werden diese bei uns gespeicherten Daten gel\u00f6scht. Solle ein Vertragsabschluss zustande kommen, werden s\u00e4mtliche Daten, resultierend aus dem Vertragsverh\u00e4ltnis, bis zum Ablauf der steuerrechtlichen Aufbewahrungsfirst (7 Jahre) gespeichert. Der \u00fcbermittelte Name, die Anschrift, gekaufte Waren und Kaufdatum werden dar\u00fcber hinaus bis zum Ablauf der Produkthaftung (10 Jahre) gespeichert. Die Datenverarbeitung erfolgt auf Basis der gesetzlichen Bestimmungen des \u00a7 96 Abs 3 TKG sowie des Art 6 Abs 1 lit a (Einwilligung) und\/oder lit b (notwendig zur Vertragserf\u00fcllung) der DSGVO.<\/p><h5>Cookies<\/h5><p>Unsere Website verwendet so genannte Cookies. Dabei handelt es sich um kleine Textdateien, die mit Hilfe des Browsers auf Ihrem Endger\u00e4t abgelegt werden. Sie richten keinen Schaden an. Wir nutzen Cookies dazu, unser Angebot nutzerfreundlich zu gestalten. Einige Cookies bleiben auf Ihrem Endger\u00e4t gespeichert, bis Sie diese l\u00f6schen. Sie erm\u00f6glichen es uns, Ihren Browser beim n\u00e4chsten Besuch wiederzuerkennen. Wenn Sie dies nicht w\u00fcnschen, so k\u00f6nnen Sie Ihren Browser so einrichten, dass er Sie \u00fcber das Setzen von Cookies informiert und Sie dies nur im Einzelfall erlauben. Bei der Deaktivierung von Cookies kann die Funktionalit\u00e4t unserer Website eingeschr\u00e4nkt sein.<\/p><h5>Server-Log Files\u00a0<\/h5><p>Diese Webseite und der damit verbundene Provider erhebt im Zuge der Webseitennutzung automatisch Informationen im Rahmen sogenannter \u201eServer-Log Files&#8221;. Dies betrifft insbesondere:\u00a0<\/p><ul><li>IP-Adresse oder Hostname\u00a0<\/li><li>den verwendeten Browser\u00a0<\/li><li>Aufenthaltsdauer auf der Webseite sowie Datum und Uhrzeit\u00a0<\/li><li>aufgerufene Seiten der Webseite\u00a0<\/li><li>Spracheinstellungen und Betriebssystem\u00a0<\/li><li>\u201eLeaving-Page&#8221; (auf welcher URL hat der Benutzer die Webseite verlassen)\u00a0<\/li><li>ISP (Internet Service Provider)\u00a0<\/li><\/ul><p>Diese erhobenen Informationen werden nicht personenbezogen verarbeitet oder mit personenbezogenen Daten in Verbindung gebracht.\u00a0<\/p><p>Der Webseitenbetreiber beh\u00e4lt es sich vor, im Falle von Bekanntwerden rechtswidriger T\u00e4tigkeiten, diese Daten auszuwerten oder zu \u00fcberpr\u00fcfen.\u00a0<\/p><h5>Newsletter<\/h5><p>Sie haben die M\u00f6glichkeit, \u00fcber unsere Website unseren Newsletter zu abonnieren. Hierf\u00fcr ben\u00f6tigen wir Ihre E-Mail-Adresse und ihre Erkl\u00e4rung, dass Sie mit dem Bezug des Newsletters einverstanden sind.<\/p><p>Wenn Sie die M\u00f6glichkeit nutzen unseren Newsletter zu abonnieren, wird Ihre Email-Adresse und Ihre Zustimmung\/Einverst\u00e4ndniserkl\u00e4rung \u00fcber den Bezug des Newsletters ben\u00f6tigt. In Folge auf die Anmeldung zu unserem Newsletter, erhalten Sie von uns ein Best\u00e4tigungs-Email mit einem Link zur Anmeldebest\u00e4tigung. Eine Stornierung des Abos ist jederzeit m\u00f6glich. Senden Sie die Stornierung bitte an unsere Email-Adresse:\u00a0<a href=\"mailto:Info@geburtsinstinkt.at\" rel=\"noreferrer\">Info@geburtsinstinkt.at<\/a>.<\/p><p>Ihre Daten im Zusammenhang mit dem Newsletter-Versand werden im Falle einer Stornierung umgehend von uns gel\u00f6scht. Die Rechtm\u00e4\u00dfigkeit der erfolgten Datenverarbeitung bis zum Widerruf, welche aufgrund der Zustimmung passiert ist, wird nicht ber\u00fchrt.<\/p><h5>Ihre Rechte als Betroffener<\/h5><p>Sie als Betroffener haben bez\u00fcglich Ihrer Daten, welche bei uns gespeichert sind grunds\u00e4tzlich ein Recht auf:<\/p><ul><li>Auskunft<\/li><li>L\u00f6schung der Daten<\/li><li>Berichtigung der Daten<\/li><li>\u00dcbertragbarkeit der Daten<\/li><li>Wiederruf und Widerspruch zur Datenverarbeitung<\/li><li>Einschr\u00e4nkung<\/li><\/ul><p>Wenn sie vermuten, dass im Zuge der Verarbeitung Ihrer Daten Verst\u00f6\u00dfe gegen das Datenschutzrecht passiert sind, so haben Sie die M\u00f6glichkeit sich bei uns (<a href=\"mailto:Info@geburtsinstinkt.at\" rel=\"noreferrer\">Info@geburtsinstinkt.at<\/a>) oder der Datenschutzbeh\u00f6rde zu beschweren.<\/p><h5>Sie erreichen uns unter folgenden Kontaktdaten:<\/h5><p><b>Webseitenbetreiber:<\/b> Geburtsinstinkt &#8211; Tamara Wei\u00df<br \/><b>Email:<\/b>\u00a0<a href=\"mailto:Info@geburtsinstinkt.at\" rel=\"noreferrer\">Info@geburtsinstinkt.at<\/a><\/p><p>Rechtstext von\u00a0Quelle:\u00a0<a href=\"https:\/\/rechtstexte-generator.at\/dsgvo-datenschutz-generator\" target=\"_blank\" rel=\"noopener noreferrer\">DSGVO Datenschutz Generator<\/a>\u00a0in Kooperation mit\u00a0<b><a href=\"https:\/\/rechtsanwaltwien.com\/arbeitsrecht\" target=\"_blank\" rel=\"noopener noreferrer\">Anwalt Arbeitsrecht<\/a><\/b><\/p>\t\t\t\t\t\t\t\t<\/div>\n\t\t\t\t<div class=\"elementor-element elementor-element-76c7884 elementor-widget elementor-widget-text-editor\" data-id=\"76c7884\" data-element_type=\"widget\" data-e-type=\"widget\" data-widget_type=\"text-editor.default\">\n\t\t\t\t\t\t\t\t\t<p>Zur Verwaltung der eingesetzten Cookies und \u00e4hnlichen Technologien (Tracking-Pixel, Web-Beacons etc.) und diesbez\u00fcglicher Einwilligungen setzen wir das Consent Tool &#8220;Real Cookie Banner&#8221; ein. Details zur Funktionsweise von &#8220;Real Cookie Banner&#8221; findest du unter &lt;a href=&#8221;https:\/\/devowl.io\/de\/rcb\/datenverarbeitung\/&#8221; rel=&#8221;noreferrer&#8221; target=&#8221;_blank&#8221;&gt;https:\/\/devowl.io\/de\/rcb\/datenverarbeitung\/&lt;\/a&gt;.<\/p><p>Rechtsgrundlagen f\u00fcr die Verarbeitung von personenbezogenen Daten in diesem Zusammenhang sind Art. 6 Abs. 1 lit. c DS-GVO und Art. 6 Abs. 1 lit. f DS-GVO. Unser berechtigtes Interesse ist die Verwaltung der eingesetzten Cookies und \u00e4hnlichen Technologien und der diesbez\u00fcglichen Einwilligungen.<\/p><p>Die Bereitstellung der personenbezogenen Daten ist weder vertraglich vorgeschrieben noch f\u00fcr den Abschluss eines Vertrages notwendig. Du bist nicht verpflichtet die personenbezogenen Daten bereitzustellen. Wenn du die personenbezogenen Daten nicht bereitstellst, k\u00f6nnen wir deine Einwilligungen nicht verwalten.<\/p>\t\t\t\t\t\t\t\t<\/div>\n\t\t\t\t\t<\/div>\n\t\t\t\t<\/div>\n\t\t\t\t<\/div>\n\t\t","protected":false},"excerpt":{"rendered":"<p>Datenschutzerkl\u00e4rung In folgender Datenschutzerkl\u00e4rung informieren wir Sie \u00fcber die wichtigsten Aspekte der Datenverarbeitung im Rahmen unserer Webseite. Wir erheben und verarbeiten personenbezogene Daten nur auf Grundlage der gesetzlichen Bestimmungen (Datenschutzgrundverordnung, Telekommunikationsgesetz 2003).\u00a0 Sobald Sie als Benutzer auf unsere Webseite zugreifen oder diese besuchen wird Ihre IP-Adresse, Beginn sowie Beginn und Ende der Sitzung erfasst. Dies [&hellip;]<\/p>\n","protected":false},"author":1,"featured_media":0,"parent":0,"menu_order":0,"comment_status":"closed","ping_status":"closed","template":"","meta":{"site-sidebar-layout":"no-sidebar","site-content-layout":"page-builder","ast-site-content-layout":"full-width-container","site-content-style":"default","site-sidebar-style":"default","ast-global-header-display":"","ast-banner-title-visibility":"","ast-main-header-display":"","ast-hfb-above-header-display":"","ast-hfb-below-header-display":"","ast-hfb-mobile-header-display":"","site-post-title":"","ast-breadcrumbs-content":"","ast-featured-img":"disabled","footer-sml-layout":"","ast-disable-related-posts":"","theme-transparent-header-meta":"","adv-header-id-meta":"","stick-header-meta":"","header-above-stick-meta":"","header-main-stick-meta":"","header-below-stick-meta":"","astra-migrate-meta-layouts":"set","ast-page-background-enabled":"default","ast-page-background-meta":{"desktop":{"background-color":"","background-image":"","background-repeat":"repeat","background-position":"center center","background-size":"auto","background-attachment":"scroll","background-type":"","background-media":"","overlay-type":"","overlay-color":"","overlay-opacity":"","overlay-gradient":""},"tablet":{"background-color":"","background-image":"","background-repeat":"repeat","background-position":"center center","background-size":"auto","background-attachment":"scroll","background-type":"","background-media":"","overlay-type":"","overlay-color":"","overlay-opacity":"","overlay-gradient":""},"mobile":{"background-color":"","background-image":"","background-repeat":"repeat","background-position":"center center","background-size":"auto","background-attachment":"scroll","background-type":"","background-media":"","overlay-type":"","overlay-color":"","overlay-opacity":"","overlay-gradient":""}},"ast-content-background-meta":{"desktop":{"background-color":"var(--ast-global-color-5)","background-image":"","background-repeat":"repeat","background-position":"center center","background-size":"auto","background-attachment":"scroll","background-type":"","background-media":"","overlay-type":"","overlay-color":"","overlay-opacity":"","overlay-gradient":""},"tablet":{"background-color":"var(--ast-global-color-5)","background-image":"","background-repeat":"repeat","background-position":"center center","background-size":"auto","background-attachment":"scroll","background-type":"","background-media":"","overlay-type":"","overlay-color":"","overlay-opacity":"","overlay-gradient":""},"mobile":{"background-color":"var(--ast-global-color-5)","background-image":"","background-repeat":"repeat","background-position":"center center","background-size":"auto","background-attachment":"scroll","background-type":"","background-media":"","overlay-type":"","overlay-color":"","overlay-opacity":"","overlay-gradient":""}},"footnotes":""},"class_list":["post-1438","page","type-page","status-publish","hentry"],"_links":{"self":[{"href":"https:\/\/www.geburtsinstinkt.at\/geburtsvorbereitung\/wp-json\/wp\/v2\/pages\/1438","targetHints":{"allow":["GET"]}}],"collection":[{"href":"https:\/\/www.geburtsinstinkt.at\/geburtsvorbereitung\/wp-json\/wp\/v2\/pages"}],"about":[{"href":"https:\/\/www.geburtsinstinkt.at\/geburtsvorbereitung\/wp-json\/wp\/v2\/types\/page"}],"author":[{"embeddable":true,"href":"https:\/\/www.geburtsinstinkt.at\/geburtsvorbereitung\/wp-json\/wp\/v2\/users\/1"}],"replies":[{"embeddable":true,"href":"https:\/\/www.geburtsinstinkt.at\/geburtsvorbereitung\/wp-json\/wp\/v2\/comments?post=1438"}],"version-history":[{"count":7,"href":"https:\/\/www.geburtsinstinkt.at\/geburtsvorbereitung\/wp-json\/wp\/v2\/pages\/1438\/revisions"}],"predecessor-version":[{"id":1497,"href":"https:\/\/www.geburtsinstinkt.at\/geburtsvorbereitung\/wp-json\/wp\/v2\/pages\/1438\/revisions\/1497"}],"wp:attachment":[{"href":"https:\/\/www.geburtsinstinkt.at\/geburtsvorbereitung\/wp-json\/wp\/v2\/media?parent=1438"}],"curies":[{"name":"wp","href":"https:\/\/api.w.org\/{rel}","templated":true}]}}