{"id":1693,"date":"2026-01-07T16:02:41","date_gmt":"2026-01-07T15:02:41","guid":{"rendered":"https:\/\/www.geburtsinstinkt.at\/geburtsvorbereitung\/newsletter\/"},"modified":"2026-01-07T20:11:52","modified_gmt":"2026-01-07T19:11:52","slug":"newsletter","status":"publish","type":"page","link":"https:\/\/www.geburtsinstinkt.at\/geburtsvorbereitung\/newsletter\/","title":{"rendered":"Grundlagen f\u00fcr deine nat\u00fcrliche Geburt"},"content":{"rendered":"\n<h2 class=\"wp-block-heading\">Grundlagen f\u00fcr deine nat\u00fcrliche Geburt<\/h2>\n\n\n\n<div class=\"wp-block-media-text is-stacked-on-mobile has-background\" style=\"background-color:#fafafa\"><figure class=\"wp-block-media-text__media\"><img fetchpriority=\"high\" decoding=\"async\" width=\"819\" height=\"1024\" src=\"https:\/\/www.geburtsinstinkt.at\/geburtsvorbereitung\/wp-content\/uploads\/2026\/01\/0E-Workbook-1-819x1024.png\" alt=\"0\u20ac workbook\" class=\"wp-image-1702 size-full\" title=\"Grundlagen f\u00fcr deine nat\u00fcrliche Geburt\" srcset=\"https:\/\/www.geburtsinstinkt.at\/geburtsvorbereitung\/wp-content\/uploads\/2026\/01\/0E-Workbook-1-819x1024.png 819w, https:\/\/www.geburtsinstinkt.at\/geburtsvorbereitung\/wp-content\/uploads\/2026\/01\/0E-Workbook-1-240x300.png 240w, https:\/\/www.geburtsinstinkt.at\/geburtsvorbereitung\/wp-content\/uploads\/2026\/01\/0E-Workbook-1-768x960.png 768w, https:\/\/www.geburtsinstinkt.at\/geburtsvorbereitung\/wp-content\/uploads\/2026\/01\/0E-Workbook-1-600x750.png 600w, https:\/\/www.geburtsinstinkt.at\/geburtsvorbereitung\/wp-content\/uploads\/2026\/01\/0E-Workbook-1.png 1080w\" sizes=\"(max-width: 819px) 100vw, 819px\" \/><\/figure><div class=\"wp-block-media-text__content\">\n<p>Ich habe f\u00fcr dich <strong>20 zentrale Punkte<\/strong> zusammengestellt, die du f\u00fcr deine Geburt wissen solltest. <br><br>In meinem <strong>kostenlosen Workbook<\/strong> bekommst du:<br>-> die wichtigsten Grundlagen f\u00fcr eine nat\u00fcrliche, selbstbestimmte Geburt<br>-> Wissen dar\u00fcber, wie du die physiologische Geburt f\u00f6rderst \u2013 und was sie blockieren kann<br>-> ein besseres Verst\u00e4ndnis f\u00fcr die Zusammenh\u00e4nge zwischen K\u00f6rper, Nervensystem, Umfeld und Entscheidungen<br>-> Orientierung, damit du nicht nur beruhigt, sondern wirklich vorbereitet bist<br>-> Unterst\u00fctzung dabei, Geburt nicht kontrollieren zu wollen, sondern sie einzuordnen und mitzugehen<\/p>\n<\/div><\/div>\n\n\n<div class=\"tnp tnp-subscription \">\n<form method=\"post\" action=\"https:\/\/www.geburtsinstinkt.at\/geburtsvorbereitung\/wp-admin\/admin-ajax.php?action=tnp&amp;na=s\">\n<input type=\"hidden\" name=\"nlang\" value=\"\">\n<div class=\"tnp-field tnp-field-firstname\"><label for=\"tnp-1\">Vorname<\/label>\n<input class=\"tnp-name\" type=\"text\" name=\"nn\" id=\"tnp-1\" value=\"\" placeholder=\"\" required><\/div>\n<div class=\"tnp-field tnp-field-email\"><label for=\"tnp-2\">E-Mail-Adresse<\/label>\n<input class=\"tnp-email\" type=\"email\" name=\"ne\" id=\"tnp-2\" value=\"\" placeholder=\"\" required><\/div>\n<div class=\"tnp-field tnp-privacy-field\"><label><input type=\"checkbox\" name=\"ny\" required class=\"tnp-privacy\"> <a target=\"_blank\" href=\"https:\/\/www.geburtsinstinkt.at\/geburtsvorbereitung\/datenschutz\/\">Hiermit akzeptiere ich die Datenschutzbestimmungen<\/a><\/label><\/div><div class=\"tnp-field tnp-field-button\" style=\"text-align: left\"><input class=\"tnp-submit\" type=\"submit\" value=\"Herunterladen\" style=\"\">\n<\/div>\n<\/form>\n<\/div>\n","protected":false},"excerpt":{"rendered":"<p>Grundlagen f\u00fcr deine nat\u00fcrliche Geburt Ich habe f\u00fcr dich 20 zentrale Punkte zusammengestellt, die du f\u00fcr deine Geburt wissen solltest. In meinem kostenlosen Workbook bekommst du:-> die wichtigsten Grundlagen f\u00fcr eine nat\u00fcrliche, selbstbestimmte Geburt-> Wissen dar\u00fcber, wie du die physiologische Geburt f\u00f6rderst \u2013 und was sie blockieren kann-> ein besseres Verst\u00e4ndnis f\u00fcr die Zusammenh\u00e4nge zwischen [&hellip;]<\/p>\n","protected":false},"author":1,"featured_media":0,"parent":0,"menu_order":0,"comment_status":"closed","ping_status":"closed","template":"","meta":{"site-sidebar-layout":"default","site-content-layout":"","ast-site-content-layout":"default","site-content-style":"default","site-sidebar-style":"default","ast-global-header-display":"","ast-banner-title-visibility":"","ast-main-header-display":"","ast-hfb-above-header-display":"","ast-hfb-below-header-display":"","ast-hfb-mobile-header-display":"","site-post-title":"","ast-breadcrumbs-content":"","ast-featured-img":"","footer-sml-layout":"","ast-disable-related-posts":"","theme-transparent-header-meta":"","adv-header-id-meta":"","stick-header-meta":"","header-above-stick-meta":"","header-main-stick-meta":"","header-below-stick-meta":"","astra-migrate-meta-layouts":"set","ast-page-background-enabled":"default","ast-page-background-meta":{"desktop":{"background-color":"","background-image":"","background-repeat":"repeat","background-position":"center center","background-size":"auto","background-attachment":"scroll","background-type":"","background-media":"","overlay-type":"","overlay-color":"","overlay-opacity":"","overlay-gradient":""},"tablet":{"background-color":"","background-image":"","background-repeat":"repeat","background-position":"center center","background-size":"auto","background-attachment":"scroll","background-type":"","background-media":"","overlay-type":"","overlay-color":"","overlay-opacity":"","overlay-gradient":""},"mobile":{"background-color":"","background-image":"","background-repeat":"repeat","background-position":"center center","background-size":"auto","background-attachment":"scroll","background-type":"","background-media":"","overlay-type":"","overlay-color":"","overlay-opacity":"","overlay-gradient":""}},"ast-content-background-meta":{"desktop":{"background-color":"var(--ast-global-color-5)","background-image":"","background-repeat":"repeat","background-position":"center center","background-size":"auto","background-attachment":"scroll","background-type":"","background-media":"","overlay-type":"","overlay-color":"","overlay-opacity":"","overlay-gradient":""},"tablet":{"background-color":"var(--ast-global-color-5)","background-image":"","background-repeat":"repeat","background-position":"center center","background-size":"auto","background-attachment":"scroll","background-type":"","background-media":"","overlay-type":"","overlay-color":"","overlay-opacity":"","overlay-gradient":""},"mobile":{"background-color":"var(--ast-global-color-5)","background-image":"","background-repeat":"repeat","background-position":"center center","background-size":"auto","background-attachment":"scroll","background-type":"","background-media":"","overlay-type":"","overlay-color":"","overlay-opacity":"","overlay-gradient":""}},"footnotes":""},"class_list":["post-1693","page","type-page","status-publish","hentry"],"_links":{"self":[{"href":"https:\/\/www.geburtsinstinkt.at\/geburtsvorbereitung\/wp-json\/wp\/v2\/pages\/1693","targetHints":{"allow":["GET"]}}],"collection":[{"href":"https:\/\/www.geburtsinstinkt.at\/geburtsvorbereitung\/wp-json\/wp\/v2\/pages"}],"about":[{"href":"https:\/\/www.geburtsinstinkt.at\/geburtsvorbereitung\/wp-json\/wp\/v2\/types\/page"}],"author":[{"embeddable":true,"href":"https:\/\/www.geburtsinstinkt.at\/geburtsvorbereitung\/wp-json\/wp\/v2\/users\/1"}],"replies":[{"embeddable":true,"href":"https:\/\/www.geburtsinstinkt.at\/geburtsvorbereitung\/wp-json\/wp\/v2\/comments?post=1693"}],"version-history":[{"count":5,"href":"https:\/\/www.geburtsinstinkt.at\/geburtsvorbereitung\/wp-json\/wp\/v2\/pages\/1693\/revisions"}],"predecessor-version":[{"id":1705,"href":"https:\/\/www.geburtsinstinkt.at\/geburtsvorbereitung\/wp-json\/wp\/v2\/pages\/1693\/revisions\/1705"}],"wp:attachment":[{"href":"https:\/\/www.geburtsinstinkt.at\/geburtsvorbereitung\/wp-json\/wp\/v2\/media?parent=1693"}],"curies":[{"name":"wp","href":"https:\/\/api.w.org\/{rel}","templated":true}]}}