{"id":236,"date":"2025-12-19T13:13:25","date_gmt":"2025-12-19T12:13:25","guid":{"rendered":"https:\/\/www.geburtsinstinkt.at\/geburtsvorbereitung\/about\/"},"modified":"2025-12-20T15:22:06","modified_gmt":"2025-12-20T14:22:06","slug":"about","status":"publish","type":"page","link":"https:\/\/www.geburtsinstinkt.at\/geburtsvorbereitung\/about\/","title":{"rendered":"About"},"content":{"rendered":"\t\t<div data-elementor-type=\"wp-page\" data-elementor-id=\"236\" class=\"elementor elementor-236\" data-elementor-post-type=\"page\">\n\t\t\t\t<div class=\"elementor-element elementor-element-40dc70b e-flex e-con-boxed e-con e-parent\" data-id=\"40dc70b\" data-element_type=\"container\" data-e-type=\"container\" data-settings=\"{&quot;background_background&quot;:&quot;classic&quot;}\">\n\t\t\t\t\t<div class=\"e-con-inner\">\n\t\t<div class=\"elementor-element elementor-element-5c76106 e-con-full e-flex e-con e-child\" data-id=\"5c76106\" data-element_type=\"container\" data-e-type=\"container\">\n\t\t\t\t<div class=\"elementor-element elementor-element-da39a98 elementor-widget elementor-widget-heading\" data-id=\"da39a98\" data-element_type=\"widget\" data-e-type=\"widget\" data-widget_type=\"heading.default\">\n\t\t\t\t\t<h1 class=\"elementor-heading-title elementor-size-default\">\u00dcber mich<\/h1>\t\t\t\t<\/div>\n\t\t\t\t<\/div>\n\t\t<div class=\"elementor-element elementor-element-39e7737 e-con-full e-flex e-con e-child\" data-id=\"39e7737\" data-element_type=\"container\" data-e-type=\"container\">\n\t\t\t\t<div class=\"elementor-element elementor-element-7b078f3 elementor-widget-divider--view-line elementor-widget elementor-widget-divider\" data-id=\"7b078f3\" data-element_type=\"widget\" data-e-type=\"widget\" data-widget_type=\"divider.default\">\n\t\t\t\t\t\t\t<div class=\"elementor-divider\">\n\t\t\t<span class=\"elementor-divider-separator\">\n\t\t\t\t\t\t<\/span>\n\t\t<\/div>\n\t\t\t\t\t\t<\/div>\n\t\t\t\t<div class=\"elementor-element elementor-element-feb0497 elementor-widget elementor-widget-text-editor\" data-id=\"feb0497\" data-element_type=\"widget\" data-e-type=\"widget\" data-widget_type=\"text-editor.default\">\n\t\t\t\t\t\t\t\t\t<p>Mein Wunsch ist es, f\u00fcr alle Frauen die bestm\u00f6glichen Bedingungen zu schaffen, damit sie ihre Geburt als kraftspendend und positiv erleben und den Beginn ihres neuen Lebens als etwas Magisches sehen k\u00f6nnen.<\/p>\t\t\t\t\t\t\t\t<\/div>\n\t\t\t\t<\/div>\n\t\t\t\t\t<\/div>\n\t\t\t\t<\/div>\n\t\t<div class=\"elementor-element elementor-element-5213b24 e-flex e-con-boxed e-con e-parent\" data-id=\"5213b24\" data-element_type=\"container\" data-e-type=\"container\">\n\t\t\t\t\t<div class=\"e-con-inner\">\n\t\t<div class=\"elementor-element elementor-element-e2f00b7 e-con-full e-flex e-con e-child\" data-id=\"e2f00b7\" data-element_type=\"container\" data-e-type=\"container\" data-settings=\"{&quot;background_background&quot;:&quot;classic&quot;}\">\n\t\t\t\t<div class=\"elementor-element elementor-element-c42558e elementor-widget elementor-widget-heading\" data-id=\"c42558e\" data-element_type=\"widget\" data-e-type=\"widget\" data-widget_type=\"heading.default\">\n\t\t\t\t\t<h3 class=\"elementor-heading-title elementor-size-default\">Hi, ich bin Tamara<\/h3>\t\t\t\t<\/div>\n\t\t\t\t<div class=\"elementor-element elementor-element-e0cd0b8 elementor-widget-divider--view-line elementor-widget elementor-widget-divider\" data-id=\"e0cd0b8\" data-element_type=\"widget\" data-e-type=\"widget\" data-widget_type=\"divider.default\">\n\t\t\t\t\t\t\t<div class=\"elementor-divider\">\n\t\t\t<span class=\"elementor-divider-separator\">\n\t\t\t\t\t\t<\/span>\n\t\t<\/div>\n\t\t\t\t\t\t<\/div>\n\t\t\t\t<div class=\"elementor-element elementor-element-51e998e elementor-widget elementor-widget-text-editor\" data-id=\"51e998e\" data-element_type=\"widget\" data-e-type=\"widget\" data-widget_type=\"text-editor.default\">\n\t\t\t\t\t\t\t\t\t<p>Alle sagten, ich solle mich einfach entspannen, es auf mich zukommen lassen und es so nehmen, wie es ist, weil ich die Geburt ja eh nicht beeinflussen kann. Das wollte ich aber nicht akzeptieren, weil ich einfach wissen wollte, warum eine Handvoll Frauen ihre Geburt als bereichernd, kraftvoll und wundersch\u00f6n beschreiben und erleben.<\/p><p>Genau zu diesen Frauen darf ich mich heute auch z\u00e4hlen. Ich habe die Geburt zwei Mal so erlebt und m\u00f6chte dir das, was ich herausgefunden habe und nun wei\u00df, auch zeigen.<\/p>\t\t\t\t\t\t\t\t<\/div>\n\t\t\t\t<div class=\"elementor-element elementor-element-8859527 elementor-widget elementor-widget-text-editor\" data-id=\"8859527\" data-element_type=\"widget\" data-e-type=\"widget\" data-widget_type=\"text-editor.default\">\n\t\t\t\t\t\t\t\t\t<p><strong>Alles, was ich kann, gebe ich heute weiter, um mehr Frauen in ihr Vertrauen zu bringen. Denn wenn wir aufh\u00f6ren, uns gegenseitig zu erz\u00e4hlen, dass Geburten schrecklich sind und \u201e\u00fcberstanden\u201c werden m\u00fcssen, und anfangen zu hinterfragen, warum so viele Geburten so erlebt werden, dann k\u00f6nnen wir auch beginnen, Geburt als das zu sehen, was sie ist.<\/strong><\/p>\t\t\t\t\t\t\t\t<\/div>\n\t\t\t\t<\/div>\n\t\t<div class=\"elementor-element elementor-element-b0c054d e-con-full e-flex e-con e-child\" data-id=\"b0c054d\" data-element_type=\"container\" data-e-type=\"container\">\n\t\t\t\t<\/div>\n\t\t\t\t\t<\/div>\n\t\t\t\t<\/div>\n\t\t<div class=\"elementor-element elementor-element-c0f98dd e-flex e-con-boxed e-con e-parent\" data-id=\"c0f98dd\" data-element_type=\"container\" data-e-type=\"container\" data-settings=\"{&quot;background_background&quot;:&quot;classic&quot;}\">\n\t\t\t\t\t<div class=\"e-con-inner\">\n\t\t<div class=\"elementor-element elementor-element-a9927ff e-con-full e-flex e-con e-child\" data-id=\"a9927ff\" data-element_type=\"container\" data-e-type=\"container\">\n\t\t\t\t<div class=\"elementor-element elementor-element-b71efa1 elementor-widget elementor-widget-image\" data-id=\"b71efa1\" data-element_type=\"widget\" data-e-type=\"widget\" data-widget_type=\"image.default\">\n\t\t\t\t\t\t\t\t\t\t\t\t\t\t\t<img decoding=\"async\" width=\"150\" height=\"150\" src=\"https:\/\/www.geburtsinstinkt.at\/geburtsvorbereitung\/wp-content\/uploads\/2025\/12\/Neugeborenenshooting-Babyfotografie-150x150.webp\" class=\"attachment-thumbnail size-thumbnail wp-image-1185\" alt=\"neugeborenenshooting babyfotografie\" srcset=\"https:\/\/www.geburtsinstinkt.at\/geburtsvorbereitung\/wp-content\/uploads\/2025\/12\/Neugeborenenshooting-Babyfotografie-150x150.webp 150w, https:\/\/www.geburtsinstinkt.at\/geburtsvorbereitung\/wp-content\/uploads\/2025\/12\/Neugeborenenshooting-Babyfotografie-100x100.webp 100w, https:\/\/www.geburtsinstinkt.at\/geburtsvorbereitung\/wp-content\/uploads\/2025\/12\/Neugeborenenshooting-Babyfotografie.webp 300w\" sizes=\"(max-width: 150px) 100vw, 150px\" title=\"About\">\t\t\t\t\t\t\t\t\t\t\t\t\t\t\t<\/div>\n\t\t\t\t<div class=\"elementor-element elementor-element-136a152 elementor-widget elementor-widget-heading\" data-id=\"136a152\" data-element_type=\"widget\" data-e-type=\"widget\" data-widget_type=\"heading.default\">\n\t\t\t\t\t<h4 class=\"elementor-heading-title elementor-size-default\">Der Geburtsbericht meiner zweiten Geburt<\/h4>\t\t\t\t<\/div>\n\t\t\t\t<div class=\"elementor-element elementor-element-c0c120f elementor-widget elementor-widget-button\" data-id=\"c0c120f\" data-element_type=\"widget\" data-e-type=\"widget\" data-widget_type=\"button.default\">\n\t\t\t\t\t\t\t\t\t\t<a class=\"elementor-button elementor-button-link elementor-size-sm\" href=\"https:\/\/youtu.be\/x5BkxNNZdtQ?si=9yzo8cY9gsMqw9kg\">\n\t\t\t\t\t\t<span class=\"elementor-button-content-wrapper\">\n\t\t\t\t\t\t\t\t\t<span class=\"elementor-button-text\">Meine zweite Geburt<\/span>\n\t\t\t\t\t<\/span>\n\t\t\t\t\t<\/a>\n\t\t\t\t\t\t\t\t<\/div>\n\t\t\t\t<\/div>\n\t\t\t\t\t<\/div>\n\t\t\t\t<\/div>\n\t\t<div class=\"elementor-element elementor-element-cc8b632 e-flex e-con-boxed e-con e-parent\" data-id=\"cc8b632\" data-element_type=\"container\" data-e-type=\"container\">\n\t\t\t\t\t<div class=\"e-con-inner\">\n\t\t<div class=\"elementor-element elementor-element-a64e007 e-con-full e-flex e-con e-child\" data-id=\"a64e007\" data-element_type=\"container\" data-e-type=\"container\">\n\t\t\t\t<div class=\"elementor-element elementor-element-2635e09 elementor-widget elementor-widget-heading\" data-id=\"2635e09\" data-element_type=\"widget\" data-e-type=\"widget\" data-widget_type=\"heading.default\">\n\t\t\t\t\t<h5 class=\"elementor-heading-title elementor-size-default\">Ausbildungen<\/h5>\t\t\t\t<\/div>\n\t\t\t\t<div class=\"elementor-element elementor-element-5f1b65b elementor-widget-divider--view-line elementor-widget elementor-widget-divider\" data-id=\"5f1b65b\" data-element_type=\"widget\" data-e-type=\"widget\" data-widget_type=\"divider.default\">\n\t\t\t\t\t\t\t<div class=\"elementor-divider\">\n\t\t\t<span class=\"elementor-divider-separator\">\n\t\t\t\t\t\t<\/span>\n\t\t<\/div>\n\t\t\t\t\t\t<\/div>\n\t\t\t\t<div class=\"elementor-element elementor-element-f37a0f1 elementor-widget elementor-widget-heading\" data-id=\"f37a0f1\" data-element_type=\"widget\" data-e-type=\"widget\" data-widget_type=\"heading.default\">\n\t\t\t\t\t<h2 class=\"elementor-heading-title elementor-size-default\">Doula, Dipl. Hypnosetrainerin und (Hypnobirthing)-Kursleiterin<\/h2>\t\t\t\t<\/div>\n\t\t<div class=\"elementor-element elementor-element-27d4e71 e-con-full e-flex e-con e-child\" data-id=\"27d4e71\" data-element_type=\"container\" data-e-type=\"container\">\n\t\t<div class=\"elementor-element elementor-element-a492e4e e-con-full e-flex e-con e-child\" data-id=\"a492e4e\" data-element_type=\"container\" data-e-type=\"container\">\n\t\t\t\t<div class=\"elementor-element elementor-element-d733fca elementor-widget elementor-widget-image\" data-id=\"d733fca\" data-element_type=\"widget\" data-e-type=\"widget\" data-widget_type=\"image.default\">\n\t\t\t\t\t\t\t\t\t\t\t\t\t\t\t\t<a href=\"#\">\n\t\t\t\t\t\t\t<img fetchpriority=\"high\" decoding=\"async\" width=\"300\" height=\"300\" src=\"https:\/\/www.geburtsinstinkt.at\/geburtsvorbereitung\/wp-content\/uploads\/2025\/12\/Schwangere-Frau-die-sich-entspannt-300x300.webp\" class=\"attachment-medium size-medium wp-image-1172\" alt=\"schwangere frau die sich entspannt\" srcset=\"https:\/\/www.geburtsinstinkt.at\/geburtsvorbereitung\/wp-content\/uploads\/2025\/12\/Schwangere-Frau-die-sich-entspannt-300x300.webp 300w, https:\/\/www.geburtsinstinkt.at\/geburtsvorbereitung\/wp-content\/uploads\/2025\/12\/Schwangere-Frau-die-sich-entspannt-150x150.webp 150w, https:\/\/www.geburtsinstinkt.at\/geburtsvorbereitung\/wp-content\/uploads\/2025\/12\/Schwangere-Frau-die-sich-entspannt-100x100.webp 100w, https:\/\/www.geburtsinstinkt.at\/geburtsvorbereitung\/wp-content\/uploads\/2025\/12\/Schwangere-Frau-die-sich-entspannt.webp 600w\" sizes=\"(max-width: 300px) 100vw, 300px\" title=\"About\">\t\t\t\t\t\t\t\t<\/a>\n\t\t\t\t\t\t\t\t\t\t\t\t\t\t\t<\/div>\n\t\t\t\t<\/div>\n\t\t<div class=\"elementor-element elementor-element-d831caa e-con-full e-flex e-con e-child\" data-id=\"d831caa\" data-element_type=\"container\" data-e-type=\"container\">\n\t\t\t\t<div class=\"elementor-element elementor-element-4ad5650 elementor-widget elementor-widget-image\" data-id=\"4ad5650\" data-element_type=\"widget\" data-e-type=\"widget\" data-widget_type=\"image.default\">\n\t\t\t\t\t\t\t\t\t\t\t\t\t\t\t\t<a href=\"#\">\n\t\t\t\t\t\t\t<img decoding=\"async\" width=\"300\" height=\"300\" src=\"https:\/\/www.geburtsinstinkt.at\/geburtsvorbereitung\/wp-content\/uploads\/2025\/12\/Schwangere-Frau-beim-Hypnobirthing-300x300.webp\" class=\"attachment-medium size-medium wp-image-1178\" alt=\"schwangere frau beim hypnobirthing\" srcset=\"https:\/\/www.geburtsinstinkt.at\/geburtsvorbereitung\/wp-content\/uploads\/2025\/12\/Schwangere-Frau-beim-Hypnobirthing-300x300.webp 300w, https:\/\/www.geburtsinstinkt.at\/geburtsvorbereitung\/wp-content\/uploads\/2025\/12\/Schwangere-Frau-beim-Hypnobirthing-150x150.webp 150w, https:\/\/www.geburtsinstinkt.at\/geburtsvorbereitung\/wp-content\/uploads\/2025\/12\/Schwangere-Frau-beim-Hypnobirthing-100x100.webp 100w, https:\/\/www.geburtsinstinkt.at\/geburtsvorbereitung\/wp-content\/uploads\/2025\/12\/Schwangere-Frau-beim-Hypnobirthing.webp 600w\" sizes=\"(max-width: 300px) 100vw, 300px\" title=\"About\">\t\t\t\t\t\t\t\t<\/a>\n\t\t\t\t\t\t\t\t\t\t\t\t\t\t\t<\/div>\n\t\t\t\t<\/div>\n\t\t\t\t<\/div>\n\t\t\t\t<div class=\"elementor-element elementor-element-a546ccd elementor-widget elementor-widget-text-editor\" data-id=\"a546ccd\" data-element_type=\"widget\" data-e-type=\"widget\" data-widget_type=\"text-editor.default\">\n\t\t\t\t\t\t\t\t\t<p>Um Frauen wirklich nach bestem Wissen und Gewissen begleiten zu k\u00f6nnen, absolvierte ich zun\u00e4chst die Ausbildung zur diplomierten Hypnosetrainerin bei Andrea Forsthuber und anschlie\u00dfend die Ausbildung zur Doula sowie zur (Hypnobirthing-)Kursleiterin bei Mamakompass.<br data-start=\"386\" data-end=\"389\" \/>Die intensive Auseinandersetzung mit Hypnose hat mich dazu gebracht, das klassische Hypnobirthing kritisch zu hinterfragen. Aus diesem Prozess heraus entstand meine eigene Methode, mit einer wissenschaftlich anerkannten Selbsthypnose-Technik, die ich heute in meinen Kursen vermittle. Klar, effizient und f\u00fcr jede Frau leicht anwendbar, unabh\u00e4ngig von ihrer Vorerfahrung.<\/p>\t\t\t\t\t\t\t\t<\/div>\n\t\t\t\t<\/div>\n\t\t\t\t\t<\/div>\n\t\t\t\t<\/div>\n\t\t<div class=\"elementor-element elementor-element-27cc984 e-flex e-con-boxed e-con e-parent\" data-id=\"27cc984\" data-element_type=\"container\" data-e-type=\"container\" data-settings=\"{&quot;background_background&quot;:&quot;classic&quot;}\">\n\t\t\t\t\t<div class=\"e-con-inner\">\n\t\t<div class=\"elementor-element elementor-element-7df9efe e-con-full e-flex e-con e-child\" data-id=\"7df9efe\" data-element_type=\"container\" data-e-type=\"container\">\n\t\t\t\t<div class=\"elementor-element elementor-element-03c688b elementor-widget__width-auto elementor-widget elementor-widget-image\" data-id=\"03c688b\" data-element_type=\"widget\" data-e-type=\"widget\" data-widget_type=\"image.default\">\n\t\t\t\t\t\t\t\t\t\t\t\t\t\t\t<img loading=\"lazy\" decoding=\"async\" width=\"300\" height=\"300\" src=\"https:\/\/www.geburtsinstinkt.at\/geburtsvorbereitung\/wp-content\/uploads\/2025\/12\/Logo-Doula-transparent-300x300.webp\" class=\"attachment-medium size-medium wp-image-1180\" alt=\"logo doula transparent\" srcset=\"https:\/\/www.geburtsinstinkt.at\/geburtsvorbereitung\/wp-content\/uploads\/2025\/12\/Logo-Doula-transparent-300x300.webp 300w, https:\/\/www.geburtsinstinkt.at\/geburtsvorbereitung\/wp-content\/uploads\/2025\/12\/Logo-Doula-transparent-1024x1024.webp 1024w, https:\/\/www.geburtsinstinkt.at\/geburtsvorbereitung\/wp-content\/uploads\/2025\/12\/Logo-Doula-transparent-150x150.webp 150w, https:\/\/www.geburtsinstinkt.at\/geburtsvorbereitung\/wp-content\/uploads\/2025\/12\/Logo-Doula-transparent-768x768.webp 768w, https:\/\/www.geburtsinstinkt.at\/geburtsvorbereitung\/wp-content\/uploads\/2025\/12\/Logo-Doula-transparent-1536x1536.webp 1536w, https:\/\/www.geburtsinstinkt.at\/geburtsvorbereitung\/wp-content\/uploads\/2025\/12\/Logo-Doula-transparent-600x600.webp 600w, https:\/\/www.geburtsinstinkt.at\/geburtsvorbereitung\/wp-content\/uploads\/2025\/12\/Logo-Doula-transparent-100x100.webp 100w, https:\/\/www.geburtsinstinkt.at\/geburtsvorbereitung\/wp-content\/uploads\/2025\/12\/Logo-Doula-transparent.webp 1563w\" sizes=\"(max-width: 300px) 100vw, 300px\" title=\"About\">\t\t\t\t\t\t\t\t\t\t\t\t\t\t\t<\/div>\n\t\t\t\t<div class=\"elementor-element elementor-element-161cdad elementor-widget__width-auto elementor-widget elementor-widget-image\" data-id=\"161cdad\" data-element_type=\"widget\" data-e-type=\"widget\" data-widget_type=\"image.default\">\n\t\t\t\t\t\t\t\t\t\t\t\t\t\t\t<img loading=\"lazy\" decoding=\"async\" width=\"300\" height=\"300\" src=\"https:\/\/www.geburtsinstinkt.at\/geburtsvorbereitung\/wp-content\/uploads\/2025\/12\/Logo-Kursleiterin-transparent-300x300.webp\" class=\"attachment-medium size-medium wp-image-1179\" alt=\"logo kursleiterin transparent\" srcset=\"https:\/\/www.geburtsinstinkt.at\/geburtsvorbereitung\/wp-content\/uploads\/2025\/12\/Logo-Kursleiterin-transparent-300x300.webp 300w, https:\/\/www.geburtsinstinkt.at\/geburtsvorbereitung\/wp-content\/uploads\/2025\/12\/Logo-Kursleiterin-transparent-1024x1024.webp 1024w, https:\/\/www.geburtsinstinkt.at\/geburtsvorbereitung\/wp-content\/uploads\/2025\/12\/Logo-Kursleiterin-transparent-150x150.webp 150w, https:\/\/www.geburtsinstinkt.at\/geburtsvorbereitung\/wp-content\/uploads\/2025\/12\/Logo-Kursleiterin-transparent-768x768.webp 768w, https:\/\/www.geburtsinstinkt.at\/geburtsvorbereitung\/wp-content\/uploads\/2025\/12\/Logo-Kursleiterin-transparent-1536x1536.webp 1536w, https:\/\/www.geburtsinstinkt.at\/geburtsvorbereitung\/wp-content\/uploads\/2025\/12\/Logo-Kursleiterin-transparent-600x600.webp 600w, https:\/\/www.geburtsinstinkt.at\/geburtsvorbereitung\/wp-content\/uploads\/2025\/12\/Logo-Kursleiterin-transparent-100x100.webp 100w, https:\/\/www.geburtsinstinkt.at\/geburtsvorbereitung\/wp-content\/uploads\/2025\/12\/Logo-Kursleiterin-transparent.webp 1563w\" sizes=\"(max-width: 300px) 100vw, 300px\" title=\"About\">\t\t\t\t\t\t\t\t\t\t\t\t\t\t\t<\/div>\n\t\t\t\t<\/div>\n\t\t\t\t\t<\/div>\n\t\t\t\t<\/div>\n\t\t<div class=\"elementor-element elementor-element-4de5dfc e-flex e-con-boxed e-con e-parent\" data-id=\"4de5dfc\" data-element_type=\"container\" data-e-type=\"container\">\n\t\t\t\t\t<div class=\"e-con-inner\">\n\t\t\t\t\t<\/div>\n\t\t\t\t<\/div>\n\t\t\t\t<\/div>\n\t\t","protected":false},"excerpt":{"rendered":"<p>\u00dcber mich Mein Wunsch ist es, f\u00fcr alle Frauen die bestm\u00f6glichen Bedingungen zu schaffen, damit sie ihre Geburt als kraftspendend und positiv erleben und den Beginn ihres neuen Lebens als etwas Magisches sehen k\u00f6nnen. Hi, ich bin Tamara Alle sagten, ich solle mich einfach entspannen, es auf mich zukommen lassen und es so nehmen, wie [&hellip;]<\/p>\n","protected":false},"author":1,"featured_media":0,"parent":0,"menu_order":0,"comment_status":"closed","ping_status":"closed","template":"","meta":{"site-sidebar-layout":"no-sidebar","site-content-layout":"page-builder","ast-site-content-layout":"default","site-content-style":"default","site-sidebar-style":"default","ast-global-header-display":"","ast-banner-title-visibility":"","ast-main-header-display":"","ast-hfb-above-header-display":"","ast-hfb-below-header-display":"","ast-hfb-mobile-header-display":"","site-post-title":"disabled","ast-breadcrumbs-content":"disabled","ast-featured-img":"disabled","footer-sml-layout":"","ast-disable-related-posts":"","theme-transparent-header-meta":"enabled","adv-header-id-meta":"","stick-header-meta":"","header-above-stick-meta":"","header-main-stick-meta":"","header-below-stick-meta":"","astra-migrate-meta-layouts":"default","ast-page-background-enabled":"default","ast-page-background-meta":{"desktop":{"background-color":"","background-image":"","background-repeat":"repeat","background-position":"center center","background-size":"auto","background-attachment":"scroll","background-type":"","background-media":"","overlay-type":"","overlay-color":"","overlay-opacity":"","overlay-gradient":""},"tablet":{"background-color":"","background-image":"","background-repeat":"repeat","background-position":"center center","background-size":"auto","background-attachment":"scroll","background-type":"","background-media":"","overlay-type":"","overlay-color":"","overlay-opacity":"","overlay-gradient":""},"mobile":{"background-color":"","background-image":"","background-repeat":"repeat","background-position":"center center","background-size":"auto","background-attachment":"scroll","background-type":"","background-media":"","overlay-type":"","overlay-color":"","overlay-opacity":"","overlay-gradient":""}},"ast-content-background-meta":{"desktop":{"background-color":"var(--ast-global-color-5)","background-image":"","background-repeat":"repeat","background-position":"center center","background-size":"auto","background-attachment":"scroll","background-type":"","background-media":"","overlay-type":"","overlay-color":"","overlay-opacity":"","overlay-gradient":""},"tablet":{"background-color":"var(--ast-global-color-5)","background-image":"","background-repeat":"repeat","background-position":"center center","background-size":"auto","background-attachment":"scroll","background-type":"","background-media":"","overlay-type":"","overlay-color":"","overlay-opacity":"","overlay-gradient":""},"mobile":{"background-color":"var(--ast-global-color-5)","background-image":"","background-repeat":"repeat","background-position":"center center","background-size":"auto","background-attachment":"scroll","background-type":"","background-media":"","overlay-type":"","overlay-color":"","overlay-opacity":"","overlay-gradient":""}},"footnotes":""},"class_list":["post-236","page","type-page","status-publish","hentry"],"_links":{"self":[{"href":"https:\/\/www.geburtsinstinkt.at\/geburtsvorbereitung\/wp-json\/wp\/v2\/pages\/236","targetHints":{"allow":["GET"]}}],"collection":[{"href":"https:\/\/www.geburtsinstinkt.at\/geburtsvorbereitung\/wp-json\/wp\/v2\/pages"}],"about":[{"href":"https:\/\/www.geburtsinstinkt.at\/geburtsvorbereitung\/wp-json\/wp\/v2\/types\/page"}],"author":[{"embeddable":true,"href":"https:\/\/www.geburtsinstinkt.at\/geburtsvorbereitung\/wp-json\/wp\/v2\/users\/1"}],"replies":[{"embeddable":true,"href":"https:\/\/www.geburtsinstinkt.at\/geburtsvorbereitung\/wp-json\/wp\/v2\/comments?post=236"}],"version-history":[{"count":6,"href":"https:\/\/www.geburtsinstinkt.at\/geburtsvorbereitung\/wp-json\/wp\/v2\/pages\/236\/revisions"}],"predecessor-version":[{"id":1188,"href":"https:\/\/www.geburtsinstinkt.at\/geburtsvorbereitung\/wp-json\/wp\/v2\/pages\/236\/revisions\/1188"}],"wp:attachment":[{"href":"https:\/\/www.geburtsinstinkt.at\/geburtsvorbereitung\/wp-json\/wp\/v2\/media?parent=236"}],"curies":[{"name":"wp","href":"https:\/\/api.w.org\/{rel}","templated":true}]}}