{"id":1148,"date":"2025-12-19T17:06:19","date_gmt":"2025-12-19T16:06:19","guid":{"rendered":"https:\/\/www.geburtsinstinkt.at\/geburtsvorbereitung\/?post_type=product&#038;p=1148"},"modified":"2026-03-21T19:11:16","modified_gmt":"2026-03-21T18:11:16","slug":"geburtsinstinkt-deine-geburtsvorbereitung","status":"publish","type":"product","link":"https:\/\/www.geburtsinstinkt.at\/geburtsvorbereitung\/produkt\/geburtsinstinkt-deine-geburtsvorbereitung\/","title":{"rendered":"Geburtsinstinkt- Deine Geburtsvorbereitung"},"content":{"rendered":"<p data-start=\"0\" data-end=\"185\">Der ganze Kurs ist so aufgebaut, dass du ihn frei und selbstbestimmt machen kannst, ohne Pflichten und in dem Tempo, das f\u00fcr dich passt. So bist du v\u00f6llig frei in deiner Vorbereitung.<\/p>\n<p data-start=\"187\" data-end=\"579\">Das Herzst\u00fcck und der gro\u00dfe Unterschied zum klassischen Hypnobirthing ist die wissenschaftlich anerkannte Selbsthypnosetechnik, die durch ihren strukturierten Aufbau ein Leben lang f\u00fcr dich anwendbar ist. Nicht nur f\u00fcr weitere Geburten, sondern auch im Alltag. Egal ob bei einem Arztbesuch, im Flugzeug, als bewusste Zeit f\u00fcr dich oder als Einschlafhilfe. Sie begleitet dich ein Leben lang.<\/p>\n<p data-start=\"581\" data-end=\"796\">Du bekommst Audios, die dich auf alle Eventualit\u00e4ten vorbereiten, Audios, die dich w\u00e4hrend der Geburt begleiten und dich vom Au\u00dfen abgrenzen, sowie Audios, die dich auch danach weiter begleiten, speziell mit Baby.<\/p>\n<p data-start=\"798\" data-end=\"1137\">Au\u00dferdem erh\u00e4ltst du fundiertes Wissen rund um Schwangerschaft und Geburt, aufbereitet nach den Ma\u00dfst\u00e4ben einer physiologischen Geburt und unter Einbindung der aktuellsten Leitlinien. Dein Werkzeugkoffer wird mit weiteren Tools gef\u00fcllt, die du f\u00fcr die Geburt nutzen kannst, egal ob au\u00dferklinische Geburt, Klinikgeburt oder Kaiserschnitt.<\/p>\n<p data-start=\"1139\" data-end=\"1397\" data-is-last-node=\"\" data-is-only-node=\"\">Als besonderes Extra gibt es ein ganzes Modul zum Thema Stillen und ein weiteres zum Thema Wochenbett. So bist du auf die ersten Stunden, Tage und Wochen nach der Geburt bestens vorbereitet und einem guten Start in euer gemeinsames Leben steht nichts im Weg.<\/p>\n","protected":false},"excerpt":{"rendered":"<ul>\n<li>Deine Geburtsvorbereitung als Komplett Paket<\/li>\n<li>Vorbereitung von Kopf bis Fu\u00df, k\u00f6rperlich und geistig<\/li>\n<li>Evidenzbasiertes Wissen \u00fcber die physiologische Geburt<\/li>\n<li>Evidenzbasierte Selbsthypnosetechnik f\u00fcr vor, w\u00e4hrend und nach der Geburt<\/li>\n<li>Vorbereitung f\u00fcr dein Wochenbett<\/li>\n<li>Support von mir, wann immer du ihn brauchst<\/li>\n<li>Zugang zum gesamten Kursbereich f\u00fcr ein Jahr*<\/li>\n<\/ul>\n","protected":false},"featured_media":1750,"comment_status":"open","ping_status":"closed","template":"","meta":{"site-sidebar-layout":"default","site-content-layout":"","ast-site-content-layout":"default","site-content-style":"default","site-sidebar-style":"default","ast-global-header-display":"","ast-banner-title-visibility":"","ast-main-header-display":"","ast-hfb-above-header-display":"","ast-hfb-below-header-display":"","ast-hfb-mobile-header-display":"","site-post-title":"","ast-breadcrumbs-content":"","ast-featured-img":"","footer-sml-layout":"","ast-disable-related-posts":"","theme-transparent-header-meta":"default","adv-header-id-meta":"","stick-header-meta":"","header-above-stick-meta":"","header-main-stick-meta":"","header-below-stick-meta":"","astra-migrate-meta-layouts":"set","ast-page-background-enabled":"default","ast-page-background-meta":{"desktop":{"background-color":"","background-image":"","background-repeat":"repeat","background-position":"center center","background-size":"auto","background-attachment":"scroll","background-type":"","background-media":"","overlay-type":"","overlay-color":"","overlay-opacity":"","overlay-gradient":""},"tablet":{"background-color":"","background-image":"","background-repeat":"repeat","background-position":"center center","background-size":"auto","background-attachment":"scroll","background-type":"","background-media":"","overlay-type":"","overlay-color":"","overlay-opacity":"","overlay-gradient":""},"mobile":{"background-color":"","background-image":"","background-repeat":"repeat","background-position":"center center","background-size":"auto","background-attachment":"scroll","background-type":"","background-media":"","overlay-type":"","overlay-color":"","overlay-opacity":"","overlay-gradient":""}},"ast-content-background-meta":{"desktop":{"background-color":"var(--ast-global-color-5)","background-image":"","background-repeat":"repeat","background-position":"center center","background-size":"auto","background-attachment":"scroll","background-type":"","background-media":"","overlay-type":"","overlay-color":"","overlay-opacity":"","overlay-gradient":""},"tablet":{"background-color":"var(--ast-global-color-5)","background-image":"","background-repeat":"repeat","background-position":"center center","background-size":"auto","background-attachment":"scroll","background-type":"","background-media":"","overlay-type":"","overlay-color":"","overlay-opacity":"","overlay-gradient":""},"mobile":{"background-color":"var(--ast-global-color-5)","background-image":"","background-repeat":"repeat","background-position":"center center","background-size":"auto","background-attachment":"scroll","background-type":"","background-media":"","overlay-type":"","overlay-color":"","overlay-opacity":"","overlay-gradient":""}}},"product_brand":[],"product_cat":[21],"product_tag":[],"class_list":{"0":"post-1148","1":"product","2":"type-product","3":"status-publish","4":"has-post-thumbnail","6":"product_cat-onlinekurs","7":"desktop-align-left","8":"tablet-align-left","9":"mobile-align-left","11":"first","12":"instock","13":"virtual","14":"sold-individually","15":"purchasable","16":"product-type-simple"},"_links":{"self":[{"href":"https:\/\/www.geburtsinstinkt.at\/geburtsvorbereitung\/wp-json\/wp\/v2\/product\/1148","targetHints":{"allow":["GET"]}}],"collection":[{"href":"https:\/\/www.geburtsinstinkt.at\/geburtsvorbereitung\/wp-json\/wp\/v2\/product"}],"about":[{"href":"https:\/\/www.geburtsinstinkt.at\/geburtsvorbereitung\/wp-json\/wp\/v2\/types\/product"}],"replies":[{"embeddable":true,"href":"https:\/\/www.geburtsinstinkt.at\/geburtsvorbereitung\/wp-json\/wp\/v2\/comments?post=1148"}],"wp:featuredmedia":[{"embeddable":true,"href":"https:\/\/www.geburtsinstinkt.at\/geburtsvorbereitung\/wp-json\/wp\/v2\/media\/1750"}],"wp:attachment":[{"href":"https:\/\/www.geburtsinstinkt.at\/geburtsvorbereitung\/wp-json\/wp\/v2\/media?parent=1148"}],"wp:term":[{"taxonomy":"product_brand","embeddable":true,"href":"https:\/\/www.geburtsinstinkt.at\/geburtsvorbereitung\/wp-json\/wp\/v2\/product_brand?post=1148"},{"taxonomy":"product_cat","embeddable":true,"href":"https:\/\/www.geburtsinstinkt.at\/geburtsvorbereitung\/wp-json\/wp\/v2\/product_cat?post=1148"},{"taxonomy":"product_tag","embeddable":true,"href":"https:\/\/www.geburtsinstinkt.at\/geburtsvorbereitung\/wp-json\/wp\/v2\/product_tag?post=1148"}],"curies":[{"name":"wp","href":"https:\/\/api.w.org\/{rel}","templated":true}]}}